{"id":23206,"date":"2025-03-28T14:15:54","date_gmt":"2025-03-28T13:15:54","guid":{"rendered":"https:\/\/www.istruzione.calabria.it\/vibovalentia\/?page_id=23206"},"modified":"2025-03-28T14:18:34","modified_gmt":"2025-03-28T13:18:34","slug":"richiesta-sostituzione-o-ritiro-diploma","status":"publish","type":"page","link":"https:\/\/www.istruzione.calabria.it\/vibovalentia\/richiesta-sostituzione-o-ritiro-diploma\/","title":{"rendered":"Richiesta sostituzione o ritiro diploma"},"content":{"rendered":"<div id=\"pl-23206\"  class=\"panel-layout\" ><div id=\"pg-23206-0\"  class=\"panel-grid panel-has-style\" ><div class=\"panel-row-style panel-row-style-for-23206-0\" ><div id=\"pgc-23206-0-0\"  class=\"panel-grid-cell\" ><div id=\"panel-23206-0-0-0\" class=\"so-panel widget widget_sow-button panel-first-child\" data-index=\"0\" ><div class=\"panel-widget-style panel-widget-style-for-23206-0-0-0\" ><div\n\t\t\t\n\t\t\tclass=\"so-widget-sow-button so-widget-sow-button-flat-fc8671c39e79-23206\"\n\t\t\t\n\t\t><div class=\"ow-button-base ow-button-align-left\"\n>\n\t\t\t<a\n\t\t\t\t\thref=\"https:\/\/www.istruzione.calabria.it\/vibovalentia\/?page_id=23201&#038;preview=true\"\n\t\t\t\t\tclass=\"sowb-button ow-icon-placement-left ow-button-hover\" \t>\n\t\t<span>\n\t\t\t\n\t\t\tModulistica\t\t<\/span>\n\t\t\t<\/a>\n\t<\/div>\n<\/div><\/div><\/div><div id=\"panel-23206-0-0-1\" class=\"so-panel widget widget_sow-button\" data-index=\"1\" ><div class=\"panel-widget-style panel-widget-style-for-23206-0-0-1\" ><div\n\t\t\t\n\t\t\tclass=\"so-widget-sow-button so-widget-sow-button-flat-fc8671c39e79-23206\"\n\t\t\t\n\t\t><div class=\"ow-button-base ow-button-align-left\"\n>\n\t\t\t<a\n\t\t\t\t\thref=\"https:\/\/www.istruzione.calabria.it\/vibovalentia\/?page_id=23222&#038;preview=true\"\n\t\t\t\t\tclass=\"sowb-button ow-icon-placement-left ow-button-hover\" \t>\n\t\t<span>\n\t\t\t\n\t\t\tEquipollenza\t\t<\/span>\n\t\t\t<\/a>\n\t<\/div>\n<\/div><\/div><\/div><div id=\"panel-23206-0-0-2\" class=\"so-panel widget widget_sow-button panel-last-child\" data-index=\"2\" ><div class=\"panel-widget-style panel-widget-style-for-23206-0-0-2\" ><div\n\t\t\t\n\t\t\tclass=\"so-widget-sow-button so-widget-sow-button-wire-fc8671c39e79-23206\"\n\t\t\t\n\t\t><div class=\"ow-button-base ow-button-align-left\"\n>\n\t\t\t<a\n\t\t\t\tclass=\"sowb-button ow-icon-placement-left ow-button-hover\" \t>\n\t\t<span>\n\t\t\t\n\t\t\tRichiesta sostituzione o ritiro diploma\t\t<\/span>\n\t\t\t<\/a>\n\t<\/div>\n<\/div><\/div><\/div><\/div><div id=\"pgc-23206-0-1\"  class=\"panel-grid-cell\" ><div id=\"panel-23206-0-1-0\" class=\"so-panel widget widget_sow-editor panel-first-child panel-last-child\" data-index=\"3\" ><div\n\t\t\t\n\t\t\tclass=\"so-widget-sow-editor so-widget-sow-editor-base\"\n\t\t\t\n\t\t>\n<div class=\"siteorigin-widget-tinymce textwidget\">\n\t<p><a href=\"https:\/\/www.gazzettaufficiale.it\/eli\/id\/1969\/02\/21\/069U0015\/sg\" target=\"_blank\" rel=\"noopener noreferrer\">Legge 7 febbraio 1969, n. 15<\/a><br \/>\n<a href=\"https:\/\/www.gazzettaufficiale.it\/eli\/id\/1994\/05\/19\/094G0291\/sg\" target=\"_blank\" rel=\"noopener noreferrer\">Decreto legislativo 16 aprile 1994, n. 297<\/a>\u00a0(artt.\u00a0<a href=\"https:\/\/www.gazzettaufficiale.it\/atto\/serie_generale\/caricaArticolo?art.progressivo=0&amp;art.idArticolo=187&amp;art.versione=1&amp;art.codiceRedazionale=094G0291&amp;art.dataPubblicazioneGazzetta=1994-05-19&amp;art.idGruppo=34&amp;art.idSottoArticolo1=10&amp;art.idSottoArticolo=1&amp;art.flagTipoArticolo=0#art\" target=\"_blank\" rel=\"noopener noreferrer\">187<\/a>\u2013<a href=\"https:\/\/www.gazzettaufficiale.it\/atto\/serie_generale\/caricaArticolo?art.progressivo=0&amp;art.idArticolo=199&amp;art.versione=1&amp;art.codiceRedazionale=094G0291&amp;art.dataPubblicazioneGazzetta=1994-05-19&amp;art.idGruppo=40&amp;art.idSottoArticolo1=10&amp;art.idSottoArticolo=1&amp;art.flagTipoArticolo=0#art\" target=\"_blank\" rel=\"noopener noreferrer\">199<\/a>)<\/p>\n<p>In caso di smarrimento, furto o distruzione del diploma di istruzione secondaria di I grado il\u00a0certificato sostitutivo deve essere rilasciato dal Dirigente Scolastico dell\u2019Istituto in cui \u00e8 stato\u00a0conseguito il titolo.<\/p>\n<p>In caso di smarrimento, furto o distruzione del diploma di istruzione secondaria di II grado, l\u2019interessato potr\u00e0 produrre istanza all\u2019\u2019Ufficio Ambito Territoriale competente o mediante inoltro mail all\u2019indirizzo\u00a0<a href=\"mailto:usp.vv@istruzione.it\">usp.vv@istruzione.it<\/a>\u00a0o consegna a mano negli\u00a0orari di ricevimento ufficio protocollo.<\/p>\n<p>L\u2019Ufficio chieder\u00e0 al Dirigente Scolastico la giusta attestazione di Conferma titolo di studio, ai sensi del D.P.R. 28\/12\/2000, N. 445 \u2013 L. 12\/11\/2011, N. 183\u00a0 affinch\u00e9 si possa di seguito rilasciare il Certificato sostitutivo a tutti gli effetti di legge.<\/p>\n<p>Prima di fare richiesta \u00e8 bene accertarsi che il diploma sia stato effettivamente ritirato da\u00a0scuola, o che non sia stato depositato presso l\u2019universit\u00e0 o presso un altro ente.<\/p>\n<p>In caso di esito negativo di tale ricerca verranno presentati i seguenti documenti:<\/p>\n<ul>\n<li>Domanda redatta in carta libera al Dirigente dell\u2019Ufficio Ambito Territoriale (<a href=\"https:\/\/www.istruzione.calabria.it\/vibovalentia\/wp-content\/uploads\/2025\/03\/RICHIESTA-CERTIFICATO-SOSTITUTIVO-DIPLOMA-ATP-VV.docx\">modello 1<\/a><a id=\"0a574cb4-56b4-451d-bfe3-84ed2bfae606\" title=\"View this pdf file\" href=\"https:\/\/docs.google.com\/viewer?url=https%3A%2F%2Fwww.istruzioneatprc.it%2Fwp-content%2Fuploads%2F2019%2F10%2FRICHIESTA-CERTIFICATO-SOSTITUTIVO-DIPLOMA-ATP-RC.pdf&amp;embedded=true&amp;chrome=false&amp;dov=1\"><img decoding=\"async\" src=\"chrome-extension:\/\/gmpljdlgcdkljlppaekciacdmdlhfeon\/images\/beside-link-icon.svg\" \/><\/a>).<\/li>\n<li>Denuncia di furto o smarrimento presso Carabinieri\/Polizia o\u00a0<em>in alternativa<\/em>\u00a0dichiarazione sostitutiva resa ai sensi dell\u2019art. 47 del D.P.R. n. 445 del 28\/12\/2000 (<a href=\"https:\/\/www.istruzione.calabria.it\/vibovalentia\/wp-content\/uploads\/2025\/03\/Dichiarazione-Sostitutiva-art47.pdf\">modello 2<\/a><a id=\"c1c91c2f-9cef-4426-9fc9-7954e930c26c\" title=\"View this pdf file\" href=\"https:\/\/docs.google.com\/viewer?url=https%3A%2F%2Fwww.istruzioneatprc.it%2Fwp-content%2Fuploads%2F2022%2F01%2FDichiarazione-Sostitutiva-art47.pdf&amp;embedded=true&amp;chrome=false&amp;dov=1\"><img decoding=\"async\" src=\"chrome-extension:\/\/gmpljdlgcdkljlppaekciacdmdlhfeon\/images\/beside-link-icon.svg\" \/><\/a>).<\/li>\n<\/ul>\n<p>Nella domanda indirizzata al Dirigente va specificato un recapito telefonico o un indirizzo di posta elettronica per poter essere avvisati quando il sostitutivo sar\u00e0 pronto.<\/p>\n<p>Sia la domanda che la certificazione dovranno sempre essere accompagnate da copia di un documento di identit\u00e0 in corso di validit\u00e0.<\/p>\n<p>Il ritiro pu\u00f2 avvenire direttamente da parte dell\u2019interessato o da un suo delegato.<\/p>\n<p>In caso di delega, oltre alla copia del documento di identit\u00e0 del delegante, dovr\u00e0 essere allegata copia del documento di identit\u00e0 del<\/p>\n<\/div>\n<\/div><\/div><\/div><\/div><\/div><\/div><!-- WP Attachments -->\r\n        <div style=\"width:100%;margin:10px 0 10px 0;\">\r\n            <h3>Allegati<\/h3>\r\n        <ul class=\"post-attachments\"><li class=\"post-attachment mime-application-vnd-openxmlformats-officedocument-wordprocessingml-document\"><a href=\"https:\/\/www.istruzione.calabria.it\/vibovalentia\/wp-content\/uploads\/2025\/03\/RICHIESTA-CERTIFICATO-SOSTITUTIVO-DIPLOMA-ATP-VV.docx\">RICHIESTA-CERTIFICATO-SOSTITUTIVO-DIPLOMA-ATP-VV<\/a> <small>(21 kB)<\/small><\/li><li class=\"post-attachment mime-application-pdf\"><a href=\"https:\/\/www.istruzione.calabria.it\/vibovalentia\/wp-content\/uploads\/2025\/03\/Dichiarazione-Sostitutiva-art47.pdf\">Dichiarazione-Sostitutiva-art47<\/a> <small>(104 kB)<\/small><\/li><\/ul><\/div>","protected":false},"excerpt":{"rendered":"<p>Legge 7 febbraio 1969, n. 15 Decreto legislativo 16 aprile 1994, n. 297\u00a0(artt.\u00a0187\u2013199) In caso di smarrimento, furto o distruzione del diploma di istruzione secondaria &#8230; <\/p>\n","protected":false},"author":12,"featured_media":0,"parent":0,"menu_order":0,"comment_status":"closed","ping_status":"closed","template":"page-fullwidth.php","meta":{"footnotes":""},"class_list":["post-23206","page","type-page","status-publish","hentry"],"_links":{"self":[{"href":"https:\/\/www.istruzione.calabria.it\/vibovalentia\/wp-json\/wp\/v2\/pages\/23206","targetHints":{"allow":["GET"]}}],"collection":[{"href":"https:\/\/www.istruzione.calabria.it\/vibovalentia\/wp-json\/wp\/v2\/pages"}],"about":[{"href":"https:\/\/www.istruzione.calabria.it\/vibovalentia\/wp-json\/wp\/v2\/types\/page"}],"author":[{"embeddable":true,"href":"https:\/\/www.istruzione.calabria.it\/vibovalentia\/wp-json\/wp\/v2\/users\/12"}],"replies":[{"embeddable":true,"href":"https:\/\/www.istruzione.calabria.it\/vibovalentia\/wp-json\/wp\/v2\/comments?post=23206"}],"version-history":[{"count":17,"href":"https:\/\/www.istruzione.calabria.it\/vibovalentia\/wp-json\/wp\/v2\/pages\/23206\/revisions"}],"predecessor-version":[{"id":23250,"href":"https:\/\/www.istruzione.calabria.it\/vibovalentia\/wp-json\/wp\/v2\/pages\/23206\/revisions\/23250"}],"wp:attachment":[{"href":"https:\/\/www.istruzione.calabria.it\/vibovalentia\/wp-json\/wp\/v2\/media?parent=23206"}],"curies":[{"name":"wp","href":"https:\/\/api.w.org\/{rel}","templated":true}]}}